{"id":81,"date":"2017-05-25T18:52:34","date_gmt":"2017-05-25T16:52:34","guid":{"rendered":"http:\/\/schiklub-axams.at\/wp\/?page_id=81"},"modified":"2026-03-20T13:33:50","modified_gmt":"2026-03-20T12:33:50","slug":"willkommen","status":"publish","type":"page","link":"https:\/\/www.schiklub-axams.at\/wp\/","title":{"rendered":"Willkommen"},"content":{"rendered":"<h3 style=\"text-align: center;\"><span style=\"color: #000000;\">Herzlich willkommen auf der Homepage vom<\/span><\/h3>\n<h2 style=\"text-align: center;\"><span style=\"color: #5c88ac;\">Schiklub &#8211; Axams<\/span><\/h2>\n<p style=\"text-align: center;\"><span style=\"color: #000000;\">Fragen? Einfach \u00fcber unser<\/span>&nbsp;<a href=\"\/wp\/kontakt\/\">Kontaktformular<\/a><span style=\"color: #000000;\"> melden.<\/span><\/p>\n<p style=\"text-align: center;\">Unsere <a href=\"http:\/\/www.schiklub-axams.at\/wp\/allgemeine-geschaeftbedingungen\/\">Allgemeinen Gesch\u00e4ftsbedingungen<\/a> finden sie hier!<\/p>\n<hr>\n<h2 style=\"text-align: center;\">Vereinsmeisterschaft 2026<\/h2>\n\n\n<p class=\"has-text-align-center\">Hier geht&#8217;s zur <a href=\"https:\/\/www.schiklub-axams.at\/wp\/ergebnis-vm-2026\/\">Ergebnisliste Einzelwertung!<br><\/a><br>Hier findet ihr die <a href=\"https:\/\/www.schiklub-axams.at\/wp\/ergebnis-familie-2\/\">Ergebnisliste Familienwertung<\/a><br><br>Hier geht&#8217;s zu den <a href=\"https:\/\/www.schiklub-axams.at\/wp\/bilder\/nggallery\/album\/vm26\/page\/3\">Fotos<\/a><br><br>&#8212;&#8212;&#8212;&#8212;&#8212;&#8212;&#8212;&#8212;&#8212;&#8212;&#8212;&#8212;&#8212;&#8212;&#8212;&#8212;&#8212;&#8212;&#8212;&#8212;&#8212;&#8212;&#8212;&#8212;&#8212;&#8212;&#8212;&#8212;&#8212;&#8212;&#8212;&#8212;&#8212;&#8212;&#8212;&#8212;&#8212;&#8212;&#8212;&#8212;&#8212;&#8212;&#8212;&#8212;&#8212;&#8212;&#8212;&#8212;&#8212;&#8212;&#8212;&#8212;&#8212;&#8211;<\/p>\n\n\n\n<h2 class=\"wp-block-heading has-text-align-center\">33. Schimeisterschaft der Axamer Dorfvereine<br>31. Raimund-Brecher-Ged\u00e4chtnislauf<\/h2>\n\n\n\n<p class=\"has-text-align-center\">Am 14.03.2026 fand die 33. Schimeisterschaft der Axamer Dorfvereine <br>und der 31. Raimund Brecher Ged\u00e4chtnislauf statt.<br><br><br><a href=\"https:\/\/www.schiklub-axams.at\/wp\/wp-content\/uploads\/2026\/03\/Endergebnis-Vereinerennen-RBGL-2026.pdf\">Ergebnisliste Raimund Brecher Ged\u00e4chtnislauf<\/a><\/p>\n\n\n\n<p class=\"has-text-align-center\"><a href=\"https:\/\/www.schiklub-axams.at\/wp\/wp-content\/uploads\/2026\/03\/Ergebnis-Einzel-RBGL-2026.pdf\">Ergebnisliste Einzel<\/a><\/p>\n\n\n\n<p class=\"has-text-align-center\"><a href=\"https:\/\/www.schiklub-axams.at\/wp\/wp-content\/uploads\/2026\/03\/Ergebnis-Mannschaften-RBGL-2026.pdf\">Ergebnisliste Mannschaft<\/a><\/p>\n\n\n\nngg_shortcode_0_placeholder\n\n\n\n<p class=\"has-text-align-center\"><a href=\"https:\/\/www.schiklub-axams.at\/wp\/bilder\/nggallery\/album\/rbgl26\">Hier geht&#8217;s zu den Fotos!<\/a><br><br><br><br>&#8212;&#8212;&#8212;&#8212;&#8212;&#8212;&#8212;&#8212;&#8212;&#8212;&#8212;&#8212;&#8212;&#8212;&#8212;&#8212;&#8212;&#8212;&#8212;&#8212;&#8212;&#8212;&#8212;&#8212;&#8212;&#8212;&#8212;&#8212;&#8212;&#8212;&#8212;&#8212;&#8212;&#8212;&#8212;&#8212;&#8212;&#8212;&#8212;&#8212;&#8212;&#8212;&#8212;&#8212;&#8212;&#8212;&#8212;&#8212;&#8212;&#8212;&#8212;&#8212;&#8212;<\/p>\n\n\n\n<h2 class=\"wp-block-heading has-text-align-center\">Erfolge unserer Kinder<\/h2>\n\n\n\n<h2 class=\"wp-block-heading has-text-align-center\">Bezirkscup Finale Patscherkofel<\/h2>\n\n\n\n<p class=\"has-text-align-center\"><br>auch das Finale am 15.03.2026, am Patscherkofel war wieder sehr erfolgreich f\u00fcr den SK-Axams.<br>Josef Falkner konnte beim letzten Rennen einen klaren Sieg in der K9m Klasse einfahren.<br>Finn Pilger wurde 11.<br>Aber auch Benjamin Patsch stand ihm nichts nach und fuhr auf den 3. Platz bei den K12m.<br>Aber auch in der Sch\u00fclerklasse waren wir sehr erfolgreich. Nagl Hannah siegte in der Jugend 18w Klasse und<br>Eva J\u00f6rer wurde 3. in der S14w Klasse, Emma Nagl 4.<br>Bei den Buben erreichte Emil Brunner den 8. Platz, Mathias Bstieler den 10. Platz und Pascal Hechenbichler den 15. Platz in der S14m Klasse.<br><br><a href=\"https:\/\/www.schiklub-axams.at\/wp\/wp-content\/uploads\/2026\/03\/49028_100.pdf\">Ergebnisliste Kinder<\/a><br><a href=\"https:\/\/www.schiklub-axams.at\/wp\/wp-content\/uploads\/2026\/03\/49029_100.pdf\">Ergebnisliste Sch\u00fcler<\/a><br><br><\/p>\n\n\n\n<p class=\"has-text-align-center\"><strong>Alle weiteren <a href=\"https:\/\/www.schiklub-axams.at\/wp\/2025\/12\/rennerfolge-25-26\/\">Ergebnisse<\/a> finden Sie hier!<\/strong><br><br><\/p>\n\n\n\n<h2 class=\"wp-block-heading has-text-align-center\">Bezirkscup Gesamtwertung<\/h2>\n\n\n\n<p class=\"has-text-align-center\">Auch in der Gesamtwertung waren wir wieder sehr erfolgreich mit 3 Stockerlpl\u00e4tzen und einen Gesamtsieg von Hannah Nagl!<br>Einen zweiten Platz von Josef Falkner und den dritten Platz von Benjamin Patsch.<br><br><br>K9m:<br>2. Josef Falkner<br>4. Simon J\u00f6rer<br>10. Finn Pilger<br><br>K12m:<br>3. Platz Benjamin Patsch<br><br>S12w:<br>7. Emma Nagl<br>9., Eva J\u00f6rer<br>11. Zoe Patsch (nur bei einem Bewerb dabei)<br><br>S12m:<br>10. Emil Brunner<br>11. Mathias Bstieler<br>23. Pascal Hechenbichler (nur an 2 Bewerben teilgenommen)<br><br>S14m:<br>8. Luis Happ (an 3 Bewerben teilgenommen, 2 davon gewonnen)<br><br>Jugend 18w:<br>1. Platz Hannah Nagl<\/p>\n\n\n\n<p><\/p>\n\n\n<hr>\n<h2 style=\"text-align: center;\">Dorf-Jugend-Wintersporttag 2026<\/h2>\n<p style=\"text-align: center;\">Am Sonntag, dem 8. Februar 2026 hat der Dorf-Jugend-Wintersporttag (Schirennen + Rodelrennen) der Gemeinde Axams statt gefunden.<\/p>\n<p style=\"text-align: center;\">Hier geht&#8217;s&nbsp; zur <a href=\"https:\/\/www.schiklub-axams.at\/wp\/wp-content\/uploads\/2026\/02\/Erg-DJWST26.pdf\">Ergebnisliste!<\/a><br>und den <a href=\"https:\/\/www.schiklub-axams.at\/wp\/bilder\/nggallery\/album\/djwst26\">Fotos!<\/a><\/p>\n<hr>\n<h2 style=\"text-align: center;\">Kinder-Sch\u00fcler Rennen 2025\/26<\/h2>\n<p style=\"text-align: center;\">Wann: Dienstag, 30.12.2025<\/p>\n<p style=\"text-align: center;\">Wo: Axamer Lizum, Damenabfahrt<\/p>\n<p style=\"text-align: center;\">zu den Ergebnislisten hier klicken:<\/p>\n<p style=\"text-align: center;\"><a href=\"https:\/\/www.schiklub-axams.at\/wp\/wp-content\/uploads\/2025\/12\/Erg-Kr26.pdf\">Einzel<\/a><\/p>\n<p style=\"text-align: center;\"><a href=\"https:\/\/www.schiklub-axams.at\/wp\/wp-content\/uploads\/2025\/12\/Erg-Kr-Team26.pdf\">Team<\/a><\/p>\n<hr>\n<h2 style=\"text-align: center;\">Ehrungen f\u00fcr langj\u00e4hrige Mitgliedschaft<\/h2>\n<p style=\"text-align: center;\">3 ganz besondere Ehrungen durften wir bei unserer Jahreshauptversammlung vornehmen.<br>Ernst Nagl ist seit 90 Jahren Schiklub und \u00d6SV Mitglied.<br>Josef Nagl und Hugo Nindl sind seit 75 Jahren Mitglieder.<\/p>\nngg_shortcode_1_placeholder\n<hr>\n<p style=\"text-align: center;\">&nbsp;<\/p>\n<h2 style=\"text-align: center;\">\u00dcberreichung \u00d6SV Ehrenabzeichen in Gold<\/h2>\n<p style=\"text-align: center;\">Am 13.06.2023 wurde unserem Obmann Wolfgang H\u00f6rtnagl, f\u00fcr seine langj\u00e4hrige T\u00e4tigkeit,<br>vom \u00d6SV das Ehrenabzeichen in Gold verliehen. Gratulation Wolfi!<\/p>\nngg_shortcode_2_placeholder\n<hr><hr>\n<p>&nbsp;<\/p>\n<h2 style=\"text-align: center;\">&nbsp;<\/h2>\n<p style=\"text-align: center;\">&nbsp;<\/p>\n<p style=\"text-align: center;\">&nbsp;<\/p>\n<p style=\"text-align: center;\">&nbsp;<\/p>\n<p style=\"text-align: center;\">&nbsp;<\/p>\n<p>&nbsp;<\/p>\n\n\n<\/p>\n<p>\n\n\n<\/p>","protected":false},"excerpt":{"rendered":"<p>Herzlich willkommen auf der Homepage vom Schiklub &#8211; Axams Fragen? Einfach \u00fcber unser&nbsp;Kontaktformular melden. Unsere Allgemeinen Gesch\u00e4ftsbedingungen finden sie hier! Vereinsmeisterschaft 2026 Hier geht&#8217;s zur Ergebnisliste Einzelwertung!Hier findet ihr die Ergebnisliste Familienwertung Hier geht&#8217;s zu den Fotos &#8212;&#8212;&#8212;&#8212;&#8212;&#8212;&#8212;&#8212;&#8212;&#8212;&#8212;&#8212;&#8212;&#8212;&#8212;&#8212;&#8212;&#8212;&#8212;&#8212;&#8212;&#8212;&#8212;&#8212;&#8212;&#8212;&#8212;&#8212;&#8212;&#8212;&#8212;&#8212;&#8212;&#8212;&#8212;&#8212;&#8212;&#8212;&#8212;&#8212;&#8212;&#8212;&#8212;&#8212;&#8212;&#8212;&#8212;&#8212;&#8212;&#8212;&#8212;&#8212;&#8212;&#8211; 33. Schimeisterschaft<\/p>\n","protected":false},"author":1,"featured_media":0,"parent":0,"menu_order":0,"comment_status":"closed","ping_status":"closed","template":"","meta":{"ngg_post_thumbnail":0,"footnotes":""},"class_list":["post-81","page","type-page","status-publish","hentry"],"_links":{"self":[{"href":"https:\/\/www.schiklub-axams.at\/wp\/wp-json\/wp\/v2\/pages\/81","targetHints":{"allow":["GET"]}}],"collection":[{"href":"https:\/\/www.schiklub-axams.at\/wp\/wp-json\/wp\/v2\/pages"}],"about":[{"href":"https:\/\/www.schiklub-axams.at\/wp\/wp-json\/wp\/v2\/types\/page"}],"author":[{"embeddable":true,"href":"https:\/\/www.schiklub-axams.at\/wp\/wp-json\/wp\/v2\/users\/1"}],"replies":[{"embeddable":true,"href":"https:\/\/www.schiklub-axams.at\/wp\/wp-json\/wp\/v2\/comments?post=81"}],"version-history":[{"count":10,"href":"https:\/\/www.schiklub-axams.at\/wp\/wp-json\/wp\/v2\/pages\/81\/revisions"}],"predecessor-version":[{"id":8797,"href":"https:\/\/www.schiklub-axams.at\/wp\/wp-json\/wp\/v2\/pages\/81\/revisions\/8797"}],"wp:attachment":[{"href":"https:\/\/www.schiklub-axams.at\/wp\/wp-json\/wp\/v2\/media?parent=81"}],"curies":[{"name":"wp","href":"https:\/\/api.w.org\/{rel}","templated":true}]}}